{"id":18,"date":"2015-10-21T18:15:18","date_gmt":"2015-10-21T16:15:18","guid":{"rendered":"https:\/\/www.wildmagegames.com\/fr_FR\/?page_id=18"},"modified":"2024-05-15T14:59:16","modified_gmt":"2024-05-15T12:59:16","slug":"wild-mage-games-a-propos","status":"publish","type":"page","link":"https:\/\/www.wildmagegames.com\/fr\/wild-mage-games-a-propos\/","title":{"rendered":"A propos"},"content":{"rendered":"\t<div class=\"container\">\r\n\r\n\t\t<div class=\"row\">\r\n\t\t<div class=\"col-xs-12 col-md-5\">\r\n<img decoding=\"async\" src=\"https:\/\/www.wildmagegames.com\/wp-content\/uploads\/2020\/01\/wild_mage_games-TM-black-alpha.png\" alt=\"\" width=\"auto\" height=\"400\" class=\"aligncenter size-large wp-image-2078\" \/>\r\n<\/div>\r\n\t\t<div class=\"col-xs-12 col-md-7\">\r\n\r\n<h2>Wild Mage Games<\/h2>\r\n\r\n<p>\r\n<strong>Wild Mage Games<\/strong>\u00ae est un studio de jeux ind\u00e9pendant d&rsquo;une seule personne, situ\u00e9 \u00e0 Grenoble, en France.\r\nLe studio a \u00e9t\u00e9 fond\u00e9 en janvier 2015 par le Dr Arnaud EMILIEN, pour cr\u00e9er des jeux immersifs et atmosph\u00e9riques au gameplay profond offrant une grande libert\u00e9 d&rsquo;action, inspir\u00e9s de l&rsquo;\u00e2ge d&rsquo;or des jeux PC comme Deus Ex, Thief : The Dark Project, Ultima Underworld, Arx. Fatalis et Tomb Raider.\r\n<\/p>\r\n\r\n\r\n\r\n\r\n<h2>Contact<\/h2>\r\n<p>\r\nPour me contacter, envoyez moi un email \u00e0 <a href=\"mailto:contact@wildmagegames.com\" target=\"_blank\" rel=\"noopener noreferrer\">contact@wildmagegames.com<\/a>.\r\n<\/p>\r\n\r\n<div class=\"socialIcons\">\r\n<ul>\r\n<li style=\"display: inline;\"><a title=\"WildMageGames on Discord\" href=\"https:\/\/discord.gg\/FpXESF7\" target=\"_blank\" rel=\"noopener\"> <i class=\"fab fa-discord\"><\/i> <\/a><\/li>\r\n<li style=\"display: inline;\"><a title=\"WildMageGames on Twitter\" href=\"http:\/\/www.twitter.com\/WildMageGames\" target=\"_blank\" rel=\"noopener\"><i class=\"fab fa-twitter\"><\/i><\/a><\/li>\r\n<li style=\"display: inline;\"><a title=\"WildMageGames on Youtube\" href=\"http:\/\/www.youtube.com\/channel\/UCCf-NUFMLgb8bq3e3HqxdCA\" target=\"_blank\" rel=\"noopener\"><i class=\"fab fa-youtube\"><\/i><\/a><\/li>\r\n<li style=\"display: inline;\"><a title=\"WildMageGames on Twitch\" href=\"https:\/\/www.twitch.tv\/wildmagegames\" target=\"_blank\" rel=\"noopener\"><i class=\"fab fa-twitch\"><\/i><\/a><\/li>\r\n<\/ul>\r\n<\/div>\r\n\r\n\r\n<iframe loading=\"lazy\" src=\"https:\/\/discordapp.com\/widget?id=511162317451427841&#038;theme=dark\" width=\"500\" height=\"250\" allowtransparency=\"true\" frameborder=\"0\"><\/iframe>\r\n\r\n\r\n<h2>Support<\/h2>\r\n<p>\r\nPour le support, envoyez moi un email \u00e0 <a href=\"mailto:support@wildmagegames.com\" target=\"_blank\" rel=\"noopener noreferrer\">support@wildmagegames.com<\/a>.\r\n<br\/>\r\nNotre fuseau horaire est actuellement UTC\/GMT + 1\r\n<\/p>\r\n\r\n","protected":false},"excerpt":{"rendered":"<p>Wild Mage Games Wild Mage Games\u00ae est un studio de jeux ind\u00e9pendant d&rsquo;une seule personne, situ\u00e9 \u00e0 Grenoble, en France. Le studio a \u00e9t\u00e9 fond\u00e9 en janvier 2015 par le Dr Arnaud EMILIEN, pour cr\u00e9er des jeux immersifs et atmosph\u00e9riques au gameplay profond offrant une grande libert\u00e9 d&rsquo;action, inspir\u00e9s de l&rsquo;\u00e2ge d&rsquo;or des jeux PC [&hellip;]<\/p>\n","protected":false},"author":1,"featured_media":0,"parent":0,"menu_order":0,"comment_status":"closed","ping_status":"closed","template":"template_real_fullpage.php","meta":{"footnotes":""},"class_list":["post-18","page","type-page","status-publish","hentry"],"_links":{"self":[{"href":"https:\/\/www.wildmagegames.com\/fr\/wp-json\/wp\/v2\/pages\/18","targetHints":{"allow":["GET"]}}],"collection":[{"href":"https:\/\/www.wildmagegames.com\/fr\/wp-json\/wp\/v2\/pages"}],"about":[{"href":"https:\/\/www.wildmagegames.com\/fr\/wp-json\/wp\/v2\/types\/page"}],"author":[{"embeddable":true,"href":"https:\/\/www.wildmagegames.com\/fr\/wp-json\/wp\/v2\/users\/1"}],"replies":[{"embeddable":true,"href":"https:\/\/www.wildmagegames.com\/fr\/wp-json\/wp\/v2\/comments?post=18"}],"version-history":[{"count":38,"href":"https:\/\/www.wildmagegames.com\/fr\/wp-json\/wp\/v2\/pages\/18\/revisions"}],"predecessor-version":[{"id":916,"href":"https:\/\/www.wildmagegames.com\/fr\/wp-json\/wp\/v2\/pages\/18\/revisions\/916"}],"wp:attachment":[{"href":"https:\/\/www.wildmagegames.com\/fr\/wp-json\/wp\/v2\/media?parent=18"}],"curies":[{"name":"wp","href":"https:\/\/api.w.org\/{rel}","templated":true}]}}