{"id":591,"date":"2019-04-12T03:29:01","date_gmt":"2019-04-12T01:29:01","guid":{"rendered":"https:\/\/www.wildmagegames.com\/fr_FR\/?page_id=591"},"modified":"2022-10-23T14:49:43","modified_gmt":"2022-10-23T12:49:43","slug":"jeux","status":"publish","type":"page","link":"https:\/\/www.wildmagegames.com\/fr\/jeux\/","title":{"rendered":"Jeux"},"content":{"rendered":"<h1>Nos Jeux<\/h1>\r\n\r\n\r\n<div class=\"container-fluid vignettes\" style=\"max-width:1250px;\" >\r\n\r\n    <div class=\"row  \" >\r\n\r\n            <div class=\"col-md-2 d-flex align-items-stretch\"><\/div>\r\n            <div class=\"col-md-4  d-flex align-items-stretch\">\r\n              <div class=\"hentry\">\r\n<a href=\"http:\/\/www.wildmagegames.com\/traps\">\r\n\r\n\r\n<img loading=\"lazy\" decoding=\"async\" src=\"https:\/\/www.wildmagegames.com\/wp-content\/uploads\/2015\/03\/NeverlootedDungeon_Steam_Capsule_V2-400x229.png\" alt=\"\" width=\"400\" height=\"229\" class=\"alignnone size-medium wp-image-2755\" \/>\r\n                <div class=\"card-body\" >\r\n                <div class=\"card-body\">\r\n                  <p class=\"card-text\"><strong>Almost Epic Adventures&#x2122;: Neverlooted Dungeon<\/strong><\/p>\r\n                  <p class=\"card-text\">Explorez un donjon bourr\u00e9 de pi\u00e8ges vicieux et mortels pour r\u00e9cup\u00e9rer son tr\u00e9sor l\u00e9gendaire.<\/p>\r\n                <\/div>\r\n<\/a>\r\n              <\/div>\r\n            <\/div>\r\n\r\n<!--\r\n\r\n            <div class=\"col-md-4  d-flex align-items-stretch\">\r\n              <div class=\"hentry\">\r\n<a href=\"http:\/\/www.wildmagegames.fr\/goblin\" target=\"_blank\" rel=\"noopener\">\r\n                <img decoding=\"async\" class=\"card-img-top\" src=\"https:\/\/www.wildmagegames.com\/wp-content\/uploads\/2020\/01\/headerd.png\" alt=\"Wild Mage Games Game wildmagegame\">\r\n                <div class=\"card-body\">\r\n                  <p class=\"card-text\"><strong>Almost Epic Adventures&#x2122;: The Goblin's Week<\/strong><\/p>\r\n                  <p class=\"card-text\">Vivez l\u2019aventure d\u2019un Goblin travaillant comme concierge pour un Ma\u00eetre de Donjon Mal\u00e9fique et enqu\u00eatez sur ses terribles secrets, dans un univers de dark fantasy satirique bourr\u00e9 d\u2019humour. <\/p>\r\n                <\/div>\r\n<\/a>\r\n              <\/div>\r\n            <\/div>\r\n\r\n\r\n\r\n-->\r\n\r\n\r\n\r\n\r\n\r\n\r\n\r\n<\/div>\r\n<\/div>\r\n\r\n\r\n\r\n\r\n\r\n\r\n","protected":false},"excerpt":{"rendered":"<p>Nos Jeux Almost Epic Adventures&#x2122;: Neverlooted Dungeon Explorez un donjon bourr\u00e9 de pi\u00e8ges vicieux et mortels pour r\u00e9cup\u00e9rer son tr\u00e9sor l\u00e9gendaire.<\/p>\n","protected":false},"author":1,"featured_media":0,"parent":0,"menu_order":0,"comment_status":"closed","ping_status":"closed","template":"template-announce3.php","meta":{"footnotes":""},"class_list":["post-591","page","type-page","status-publish","hentry"],"_links":{"self":[{"href":"https:\/\/www.wildmagegames.com\/fr\/wp-json\/wp\/v2\/pages\/591","targetHints":{"allow":["GET"]}}],"collection":[{"href":"https:\/\/www.wildmagegames.com\/fr\/wp-json\/wp\/v2\/pages"}],"about":[{"href":"https:\/\/www.wildmagegames.com\/fr\/wp-json\/wp\/v2\/types\/page"}],"author":[{"embeddable":true,"href":"https:\/\/www.wildmagegames.com\/fr\/wp-json\/wp\/v2\/users\/1"}],"replies":[{"embeddable":true,"href":"https:\/\/www.wildmagegames.com\/fr\/wp-json\/wp\/v2\/comments?post=591"}],"version-history":[{"count":13,"href":"https:\/\/www.wildmagegames.com\/fr\/wp-json\/wp\/v2\/pages\/591\/revisions"}],"predecessor-version":[{"id":806,"href":"https:\/\/www.wildmagegames.com\/fr\/wp-json\/wp\/v2\/pages\/591\/revisions\/806"}],"wp:attachment":[{"href":"https:\/\/www.wildmagegames.com\/fr\/wp-json\/wp\/v2\/media?parent=591"}],"curies":[{"name":"wp","href":"https:\/\/api.w.org\/{rel}","templated":true}]}}